{"id":14,"date":"2024-12-18T16:52:22","date_gmt":"2024-12-18T15:52:22","guid":{"rendered":"https:\/\/www.bouchainpatrimoine.com\/?page_id=14"},"modified":"2026-04-13T11:43:27","modified_gmt":"2026-04-13T09:43:27","slug":"histoire-de-bouchain","status":"publish","type":"page","link":"https:\/\/www.bouchainpatrimoine.com\/index.php\/histoire-de-bouchain\/","title":{"rendered":"HISTOIRE DE BOUCHAIN"},"content":{"rendered":"\r\n<p>Ville de France (Nord), situ\u00e9e sur le penchant d&rsquo;un coteau, au confluent de la rivi\u00e8re de la Sens\u00e9e et du fleuve de l&rsquo;Escaut, sur les deux grandes voies de communications : les RN 29 et 43, presqu&rsquo;au centre du triangle form\u00e9 par 3 villes de Valenciennes, Douai, Cambrai.<\/p>\r\n\r\n\r\n\r\n<p>LONGITUDE ET LATITUDE<\/p>\r\n\r\n\r\n\r\n<p>longitude orientale de Paris 20,58<\/p>\r\n\r\n\r\n\r\n<p>latitude 50&Prime;17<\/p>\r\n\r\n\r\n\r\n<p>ALTITUDE<\/p>\r\n\r\n\r\n\r\n<p>La hauteur moyenne de Bouchain au-dessus du niveau de la mer \u00e0 Marseille, plan de comparaison, est de 37m395 \u00e0 la gare du chemin de fer nord, 34m830 au seuil de la maison ponti\u00e8re entre les deux villes.<\/p>\r\n\r\n\r\n\r\n<p>ETHYMOLOGIE<\/p>\r\n\r\n\r\n\r\n<p>Bouchain appartient \u00e0 cette famille de noms, de lieux avec d\u00e9sinence en IN, AIN, AING, si r\u00e9pandue dans la partie m\u00e9ridionale de la Belgique et dans le nord de la France.<\/p>\r\n\r\n\r\n\r\n<p>&nbsp;<\/p>\r\n","protected":false},"excerpt":{"rendered":"<p>Ville de France (Nord), situ\u00e9e sur le penchant d&rsquo;un coteau, au confluent de la rivi\u00e8re de la Sens\u00e9e et du fleuve de l&rsquo;Escaut, sur les&hellip;<\/p>\n","protected":false},"author":1,"featured_media":0,"parent":0,"menu_order":0,"comment_status":"closed","ping_status":"closed","template":"","meta":{"footnotes":""},"class_list":["post-14","page","type-page","status-publish","hentry"],"_links":{"self":[{"href":"https:\/\/www.bouchainpatrimoine.com\/index.php\/wp-json\/wp\/v2\/pages\/14","targetHints":{"allow":["GET"]}}],"collection":[{"href":"https:\/\/www.bouchainpatrimoine.com\/index.php\/wp-json\/wp\/v2\/pages"}],"about":[{"href":"https:\/\/www.bouchainpatrimoine.com\/index.php\/wp-json\/wp\/v2\/types\/page"}],"author":[{"embeddable":true,"href":"https:\/\/www.bouchainpatrimoine.com\/index.php\/wp-json\/wp\/v2\/users\/1"}],"replies":[{"embeddable":true,"href":"https:\/\/www.bouchainpatrimoine.com\/index.php\/wp-json\/wp\/v2\/comments?post=14"}],"version-history":[{"count":2,"href":"https:\/\/www.bouchainpatrimoine.com\/index.php\/wp-json\/wp\/v2\/pages\/14\/revisions"}],"predecessor-version":[{"id":60,"href":"https:\/\/www.bouchainpatrimoine.com\/index.php\/wp-json\/wp\/v2\/pages\/14\/revisions\/60"}],"wp:attachment":[{"href":"https:\/\/www.bouchainpatrimoine.com\/index.php\/wp-json\/wp\/v2\/media?parent=14"}],"curies":[{"name":"wp","href":"https:\/\/api.w.org\/{rel}","templated":true}]}}