{"id":18,"date":"2024-12-18T16:54:44","date_gmt":"2024-12-18T15:54:44","guid":{"rendered":"https:\/\/www.bouchainpatrimoine.com\/?page_id=18"},"modified":"2026-04-13T16:55:07","modified_gmt":"2026-04-13T14:55:07","slug":"la-grande-guerre","status":"publish","type":"page","link":"https:\/\/www.bouchainpatrimoine.com\/index.php\/la-grande-guerre\/","title":{"rendered":"LA GRANDE GUERRE"},"content":{"rendered":"<div style=\"margin-top: 7px;\"><\/div>\n<div style=\"border-radius: 2px; padding: 2px; background-color: #02327a;\">\n<div style=\"background-color: #ffffff; border-radius: 5px 5px 5px 5px; padding: 5px 5px 5px 5px;\">\n<h3 style=\"color: blue; text-align: center;\"><strong>Nous sommes en 2026. Il y a 112 ans, d\u00e9butait la GRANDE GUERRE, conflit mondial sanglant.<\/strong><\/h3>\n<p>Pour le centenaire de cette comm\u00e9moration, de nombreux hommages, manifestations diverses, eurent lieu, devoir de m\u00e9moire en hommage aux nombreuses victimes civiles et militaires. La grande guerre de 1914-1918, conflit militaire s&rsquo;\u00e9tant d\u00e9roul\u00e9 dans les faits en Europe mais ayant concern\u00e9 le monde entier, est consid\u00e9r\u00e9e comme un \u00e9v\u00e8nement marquant du XXe si\u00e8cle, par son intensit\u00e9 et son ampleur. Elle a impliqu\u00e9 plus de soldats, provoqu\u00e9 plus de morts, engendr\u00e9 plus de destructions qu&rsquo;aucune autre jusqu&rsquo;alors : plus de 60 millions de soldats y ont pris part, plus de 9 millions de morts et 20 millions de bless\u00e9s. D&rsquo;autres \u00e9v\u00e8nements survenus pendants cette p\u00e9riode : le g\u00e9nocide arm\u00e9nien (1915-1916), la premi\u00e8re bataille de l&rsquo;Atlantique (1917), la R\u00e9volution russe (1917) et la grippe de 1918, ont augment\u00e9 la d\u00e9tresse des populations. Pour toutes ces raisons, cette \u00e9poque a marqu\u00e9 profond\u00e9ment ceux qui l&rsquo;ont v\u00e9cue. Cette guerre a amen\u00e9 de profonds changements g\u00e9opolitiques, lesquels ont profond\u00e9ment modifi\u00e9 le cours du XXe si\u00e8cle. Elle a caus\u00e9 l&rsquo;effondrement ou la fragmentation des empires austro-hongrois, russe et ottoman. L&rsquo;Empire allemand a disparu, et l&rsquo;Allemagne a vu son territoire r\u00e9duit. Cons\u00e9quemment, les cartes de l&rsquo;Europe et du Mpyen-Orient ont \u00e9t\u00e9 redessin\u00e9es. Des monarchies ont \u00e9t\u00e9 remplac\u00e9es par des Etats communistes ou par des r\u00e9publiques d\u00e9mocratiques. Pour la premi\u00e8re fois, une institution internationale a \u00e9t\u00e9 cr\u00e9\u00e9e dans le but de pr\u00e9venir les guerres : la Soci\u00e9t\u00e9 des Nations.\u00a0\u00bb (sources Wikip\u00e9dia).<\/p>\n<\/div>\n<\/div>\n<div style=\"margin-top: 7px;\"><\/div>\n<div style=\"border-radius: 2px; padding: 2px; background-color: #02327a;\">\n<div style=\"background-color: #ffffff; border-radius: 5px 5px 5px 5px; padding: 5px 5px 5px 5px;\">\n<h3 style=\"color: blue; text-align: center;\"><strong>APPEL AUX FEMMES<\/strong><\/h3>\n<p>Appel aux femmes fran\u00e7aises le 2 ao\u00fbt 1914 : \u00ab\u00a0le d\u00e9part pour l&rsquo;arm\u00e9e de tous ceux qui peuvent porter les armes laisse les travaux des champs interrompus ; la moisson est inachev\u00e9e, le temps des vendanges est proche. Au nom du gouvernement de la R\u00e9publique, au nom de la Nation toute enti\u00e8re group\u00e9e derri\u00e8re moi, je fais appel \u00e0 votre vaillance, \u00e0 celle des enfants que leur \u00e2ge seul, et non le courage, d\u00e9robe au combat. Je vous demande de maintenir l&rsquo;activit\u00e9 des campagnes, terminer les r\u00e9coltes de l&rsquo;ann\u00e9e, pr\u00e9parer celles de l&rsquo;ann\u00e9e prochaine : vous ne pouvez pas rendre \u00e0 la Patrie un plus grand service.<br \/>\nVive la R\u00e9publique, vive la France\u00a0\u00bb. de Ren\u00e9 Viviani, pr\u00e9sident du Conseil des Ministres.<\/p>\n<\/div>\n<\/div>\n<div style=\"margin-top: 7px;\"><\/div>\n<div style=\"border-radius: 2px; padding: 2px; background-color: #02327a;\">\n<div style=\"background-color: #ffffff; border-radius: 5px 5px 5px 5px; padding: 5px 5px 5px 5px;\">\n<h3 style=\"color: blue; text-align: center;\"><b>LES FEMMES ET LA PREMI\u00c8RE GUERRE MONDIALE<\/b><\/h3>\n<p><img loading=\"lazy\" decoding=\"async\" class=\"size-full wp-image-79 alignleft\" src=\"https:\/\/www.bouchainpatrimoine.com\/wp-content\/uploads\/2026\/04\/femmes.jpg\" alt=\"\" width=\"214\" height=\"158\" \/>La 1ere guerre mondiale bouleverse le quotidien des femmes fran\u00e7aises. Leurs conditions de vie sont dures en temps de guerre et leurs r\u00f4les dans la soci\u00e9t\u00e9 \u00e9voluent avec le poids des circonstances et la mobilisation de toutes les \u00e9nergies nationales.<br \/>\nLa guerre rend la vie quotidienne des femmes difficiles, il s&rsquo;agit tout d&rsquo;abord de se procurer de la nourriture en temps de guerre au moment o\u00f9 les productions alimentaires se font plus rares.<br \/>\nLes cultures sont moins productives en l&rsquo;absence des hommes, d&rsquo;animaux de traits et d&rsquo;engrais.Le manque de nourriture n&rsquo;est pas la seule difficult\u00e9 \u00e0 laquelle doivent faire face les femmes, il est aussi difficile de se ravitailler en combustible de chauffage. Les corps sont affaiblis du fait de ces privations.Malgr\u00e9 ces conditions d&rsquo;une duret\u00e9 extr\u00eame, les femmes ont non seulement assur\u00e9 leur r\u00f4le traditionnel, mais en l&rsquo;absence des hommes en ont assum\u00e9 de nouveaux pendant ce conflit.<br \/>\nRapidement, la femme a vocation \u00e0 remplacer les hommes partis se battre. La guerre correspond \u00e0 une forte pouss\u00e9e du travail au f\u00e9minin.Les \u00ab\u00a0munitionnettes\u00a0\u00bb s&rsquo;habillent comme des hommes, font des gestes d&rsquo;hommes, travaillent comme des hommes.La guerre totale a donc compl\u00e8tement modifi\u00e9 et transform\u00e9 le r\u00f4le et la place des femmes dans le monde du travail et dans la soci\u00e9t\u00e9.Dans des circonstances tr\u00e8s difficiles, la femme a connu une transformation de son r\u00f4le pendant la guerre et elle a gagn\u00e9 une place plus importante dans la soci\u00e9t\u00e9.<br \/>\nLes femmes ont gagn\u00e9 un d\u00e9but d&rsquo;\u00e9mancipation face \u00e0 leur mari, car elles ont montr\u00e9 qu&rsquo;elles pouvaient assurer de nombreux r\u00f4les qui \u00e9taient pr\u00e9c\u00e9demment d\u00e9volus aux hommes.<br \/>\nCette \u00e9mancipation reste toutefois limit\u00e9e comme le montre l&rsquo;\u00e9chec de l&rsquo;obtention du droit de vote.<br \/>\nCelui-ci avait \u00e9t\u00e9 approuv\u00e9 par l&rsquo;Assembl\u00e9e Nationale mais il a \u00e9t\u00e9 rejet\u00e9 par le S\u00e9nat en 1922.<\/p>\n<\/div>\n<\/div>\n<div style=\"margin-top: 7px;\"><\/div>\n<div style=\"border-radius: 2px; padding: 2px; background-color: #02327a;\">\n<div style=\"background-color: #ffffff; border-radius: 5px 5px 5px 5px; padding: 5px 5px 5px 5px;\">\n<h3 style=\"color: blue; text-align: center;\"><strong>LE VIOL DES FEMMES PENDANT LA GUERRE 14\/18.<\/strong><\/h3>\n<p>Le viol des femmes fran\u00e7aises par les soldats allemands semble avoir \u00e9t\u00e9, d\u00e8s les premi\u00e8res semaines de la guerre 14\/18, un acte tr\u00e8s r\u00e9pandu.<br \/>\nPartiellement ou totalement envahis par l&rsquo;ennemi, plusieurs d\u00e9partements furent \u00e9vacu\u00e9s apr\u00e8s la bataille de la Marne : les viols y furent semble-t-il nombreux, m\u00eame si aucune statistique n&rsquo;est disponible sur ce point.<br \/>\n<img loading=\"lazy\" decoding=\"async\" class=\" wp-image-81 alignleft\" src=\"https:\/\/www.bouchainpatrimoine.com\/wp-content\/uploads\/2026\/04\/femmes2-266x300.jpg\" alt=\"\" width=\"213\" height=\"240\" srcset=\"https:\/\/www.bouchainpatrimoine.com\/wp-content\/uploads\/2026\/04\/femmes2-266x300.jpg 266w, https:\/\/www.bouchainpatrimoine.com\/wp-content\/uploads\/2026\/04\/femmes2.jpg 428w\" sizes=\"auto, (max-width: 213px) 100vw, 213px\" \/>Les rapports de la Commission d&rsquo;Enqu\u00eate mise en place d\u00e8s septembre 14 en vue de constater les \u00ab\u00a0actes commis par l&rsquo;ennemi en violation du droit des gens\u00a0\u00bb ont accord\u00e9 une large place \u00e0 cette question en incluant les d\u00e9positions des victimes et de leurs t\u00e9moins.<br \/>\nL&rsquo;impact du 1er rapport r\u00e9dig\u00e9 en d\u00e9cembre14 et publi\u00e9 en janvier 1915 par la presse fran\u00e7aise, fut consid\u00e9rable dans le pays.<br \/>\nEn fait, les violences inflig\u00e9es aux femmes constitu\u00e8rent un point d&rsquo;ancrage du discours fran\u00e7ais sur les atrocit\u00e9s allemandes et achev\u00e8rent de convaincre l&rsquo;opinion fran\u00e7aise de la barbarie de l&rsquo;adversaire.<\/p>\n<\/div>\n<\/div>\n<div style=\"margin-top: 7px;\"><\/div>\n<div style=\"border-radius: 2px; padding: 2px; background-color: #02327a;\">\n<div style=\"background-color: #ffffff; border-radius: 5px 5px 5px 5px; padding: 5px 5px 5px 5px;\">\n<h3 style=\"color: blue; text-align: center;\"><strong>LES GAZ<\/strong><\/h3>\n<p><img loading=\"lazy\" decoding=\"async\" class=\"size-full wp-image-84 alignleft\" src=\"https:\/\/www.bouchainpatrimoine.com\/wp-content\/uploads\/2026\/04\/gaz.jpg\" alt=\"\" width=\"261\" height=\"99\" \/>La guerre 14\/18, c&rsquo;est aussi la guerre des gaz. Le gaz moutarde est un compos\u00e9 chimique cytotoxique et v\u00e9sicant qui a la capacit\u00e9 de former des grandes v\u00e9sicules sur la peau expos\u00e9e. Il est nomm\u00e9 aussi parfois YPERITE car il fut utilis\u00e9 la 1\u00e8re fois \u00e0 Ypres (Belgique) le 22 avril 1915 : les allemands l\u00e2ch\u00e8rent dans l&rsquo;atmosph\u00e8re 150 tonnes de chlore ; 5200 soldats moururent dans les heures suivantes.<br \/>\nv\u00e9sicant : produit chimique ayant la propri\u00e9t\u00e9 d&rsquo;irriter gravement la peau, les yeux et les muqueuses en particulier les voies respiratoires de mani\u00e8re irr\u00e9versible.<\/p>\n<\/div>\n<\/div>\n<div style=\"margin-top: 7px;\"><\/div>\n<div style=\"border-radius: 2px; padding: 2px; background-color: #02327a;\">\n<div style=\"background-color: #ffffff; border-radius: 5px 5px 5px 5px; padding: 5px 5px 5px 5px;\">\n<h3 style=\"color: blue; text-align: center;\"><strong>APPELS \u00c0 LA PAIX<\/strong><\/h3>\n<p><img loading=\"lazy\" decoding=\"async\" class=\" wp-image-85 alignleft\" src=\"https:\/\/www.bouchainpatrimoine.com\/wp-content\/uploads\/2026\/04\/benoit-200x300.jpg\" alt=\"\" width=\"117\" height=\"176\" srcset=\"https:\/\/www.bouchainpatrimoine.com\/wp-content\/uploads\/2026\/04\/benoit-200x300.jpg 200w, https:\/\/www.bouchainpatrimoine.com\/wp-content\/uploads\/2026\/04\/benoit.jpg 259w\" sizes=\"auto, (max-width: 117px) 100vw, 117px\" \/>Il y eut de nombreuses tentatives d&rsquo;appel \u00e0 la paix, comme celle du papa Benoit XV.<br \/>\nLe 1er aou\u00fbt 1917, le pape Benoit XV s&rsquo;adresse aux chefs d&rsquo;Etat pour mettre fin \u00e0 la Grande Guerre. Cette tentative s&rsquo;inscrit dans une politique g\u00e9n\u00e9rale peu connue dans l&rsquo;hisoriographie fran\u00e7aise. Par son livre, Nathalie Renoton-Beine comble un vide dans la recherche historique.<br \/>\nDevant l&rsquo;horreur des tranch\u00e9es et l&rsquo;enlisement de la guerre, Benoit XV, \u00e9lu pape pendant la Bataille de la Marne.<\/p>\n<\/div>\n<\/div>\n","protected":false},"excerpt":{"rendered":"<p>Nous sommes en 2026. Il y a 112 ans, d\u00e9butait la GRANDE GUERRE, conflit mondial sanglant. Pour le centenaire de cette comm\u00e9moration, de nombreux hommages,&hellip;<\/p>\n","protected":false},"author":1,"featured_media":0,"parent":0,"menu_order":0,"comment_status":"closed","ping_status":"closed","template":"","meta":{"footnotes":""},"class_list":["post-18","page","type-page","status-publish","hentry"],"_links":{"self":[{"href":"https:\/\/www.bouchainpatrimoine.com\/index.php\/wp-json\/wp\/v2\/pages\/18","targetHints":{"allow":["GET"]}}],"collection":[{"href":"https:\/\/www.bouchainpatrimoine.com\/index.php\/wp-json\/wp\/v2\/pages"}],"about":[{"href":"https:\/\/www.bouchainpatrimoine.com\/index.php\/wp-json\/wp\/v2\/types\/page"}],"author":[{"embeddable":true,"href":"https:\/\/www.bouchainpatrimoine.com\/index.php\/wp-json\/wp\/v2\/users\/1"}],"replies":[{"embeddable":true,"href":"https:\/\/www.bouchainpatrimoine.com\/index.php\/wp-json\/wp\/v2\/comments?post=18"}],"version-history":[{"count":15,"href":"https:\/\/www.bouchainpatrimoine.com\/index.php\/wp-json\/wp\/v2\/pages\/18\/revisions"}],"predecessor-version":[{"id":90,"href":"https:\/\/www.bouchainpatrimoine.com\/index.php\/wp-json\/wp\/v2\/pages\/18\/revisions\/90"}],"wp:attachment":[{"href":"https:\/\/www.bouchainpatrimoine.com\/index.php\/wp-json\/wp\/v2\/media?parent=18"}],"curies":[{"name":"wp","href":"https:\/\/api.w.org\/{rel}","templated":true}]}}