{"id":22,"date":"2024-12-18T16:57:29","date_gmt":"2024-12-18T15:57:29","guid":{"rendered":"https:\/\/www.bouchainpatrimoine.com\/?page_id=22"},"modified":"2024-12-18T16:57:29","modified_gmt":"2024-12-18T15:57:29","slug":"au-coeur-de-lhistoire","status":"publish","type":"page","link":"https:\/\/www.bouchainpatrimoine.com\/index.php\/au-coeur-de-lhistoire\/","title":{"rendered":"AU COEUR DE L&rsquo;HISTOIRE"},"content":{"rendered":"\n<p>Au cours des si\u00e8cles pass\u00e9s, bon nombre de batailles, de trait\u00e9s, de souverains fran\u00e7ais et \u00e9trangers, ont contribu\u00e9 \u00e0 marquer notre identit\u00e9 nationale, mais surtout notre identit\u00e9 g\u00e9ographique.<\/p>\n\n\n\n<p>Que s&rsquo;est-il pass\u00e9 pour que nos fronti\u00e8res soient d\u00e9finitivement install\u00e9es telles que nous les connaissons actuellement ?<br><\/p>\n","protected":false},"excerpt":{"rendered":"<p>Au cours des si\u00e8cles pass\u00e9s, bon nombre de batailles, de trait\u00e9s, de souverains fran\u00e7ais et \u00e9trangers, ont contribu\u00e9 \u00e0 marquer notre identit\u00e9 nationale, mais surtout&hellip;<\/p>\n","protected":false},"author":1,"featured_media":0,"parent":0,"menu_order":0,"comment_status":"closed","ping_status":"closed","template":"","meta":{"footnotes":""},"class_list":["post-22","page","type-page","status-publish","hentry"],"_links":{"self":[{"href":"https:\/\/www.bouchainpatrimoine.com\/index.php\/wp-json\/wp\/v2\/pages\/22","targetHints":{"allow":["GET"]}}],"collection":[{"href":"https:\/\/www.bouchainpatrimoine.com\/index.php\/wp-json\/wp\/v2\/pages"}],"about":[{"href":"https:\/\/www.bouchainpatrimoine.com\/index.php\/wp-json\/wp\/v2\/types\/page"}],"author":[{"embeddable":true,"href":"https:\/\/www.bouchainpatrimoine.com\/index.php\/wp-json\/wp\/v2\/users\/1"}],"replies":[{"embeddable":true,"href":"https:\/\/www.bouchainpatrimoine.com\/index.php\/wp-json\/wp\/v2\/comments?post=22"}],"version-history":[{"count":1,"href":"https:\/\/www.bouchainpatrimoine.com\/index.php\/wp-json\/wp\/v2\/pages\/22\/revisions"}],"predecessor-version":[{"id":23,"href":"https:\/\/www.bouchainpatrimoine.com\/index.php\/wp-json\/wp\/v2\/pages\/22\/revisions\/23"}],"wp:attachment":[{"href":"https:\/\/www.bouchainpatrimoine.com\/index.php\/wp-json\/wp\/v2\/media?parent=22"}],"curies":[{"name":"wp","href":"https:\/\/api.w.org\/{rel}","templated":true}]}}