{"id":29,"date":"2024-12-18T17:00:11","date_gmt":"2024-12-18T16:00:11","guid":{"rendered":"https:\/\/www.bouchainpatrimoine.com\/?page_id=29"},"modified":"2026-04-14T16:06:22","modified_gmt":"2026-04-14T14:06:22","slug":"fortifications","status":"publish","type":"page","link":"https:\/\/www.bouchainpatrimoine.com\/index.php\/fortifications\/","title":{"rendered":"FORTIFICATIONS"},"content":{"rendered":"<div style=\"margin-top: 7px;\"><\/div>\n<div style=\"border-radius: 2px; padding: 2px; background-color: #02327a;\">\n<div style=\"background-color: #ffffff; border-radius: 5px 5px 5px 5px; padding: 5px 5px 5px 5px;\">Bouchain fut une ville fortifi\u00e9e, ancienne citadelle (ville haute) fortifi\u00e9e par Charles Quint, puis sous Louis XIV par Vauban.<br \/>\nA la fin du XIX\u00e8me si\u00e8cle, le d\u00e9mant\u00e8lement vit disparaitre la grande majorit\u00e9 des fortifications, mais quelques vestiges subsistent.<br \/>\nCi-dessous un \u00ab\u00a0plan relief\u00a0\u00bb\u00a0 montrant les fortifications avant le d\u00e9mant\u00e8lement :<br \/>\n<a href=\"https:\/\/www.bouchainpatrimoine.com\/wp-content\/uploads\/2026\/04\/014-plan-fortifications-2.jpg\"><img loading=\"lazy\" decoding=\"async\" class=\"alignnone wp-image-62 size-medium\" src=\"https:\/\/www.bouchainpatrimoine.com\/wp-content\/uploads\/2026\/04\/014-plan-fortifications-2-300x230.jpg\" alt=\"\" width=\"300\" height=\"230\" srcset=\"https:\/\/www.bouchainpatrimoine.com\/wp-content\/uploads\/2026\/04\/014-plan-fortifications-2-300x230.jpg 300w, https:\/\/www.bouchainpatrimoine.com\/wp-content\/uploads\/2026\/04\/014-plan-fortifications-2.jpg 640w\" sizes=\"auto, (max-width: 300px) 100vw, 300px\" \/><\/a>\u00a0 <a href=\"https:\/\/www.bouchainpatrimoine.com\/wp-content\/uploads\/2026\/04\/014-plan-fortifications-1.jpg\"><img loading=\"lazy\" decoding=\"async\" class=\"alignnone wp-image-63 size-medium\" src=\"https:\/\/www.bouchainpatrimoine.com\/wp-content\/uploads\/2026\/04\/014-plan-fortifications-1-300x230.jpg\" alt=\"\" width=\"300\" height=\"230\" srcset=\"https:\/\/www.bouchainpatrimoine.com\/wp-content\/uploads\/2026\/04\/014-plan-fortifications-1-300x230.jpg 300w, https:\/\/www.bouchainpatrimoine.com\/wp-content\/uploads\/2026\/04\/014-plan-fortifications-1.jpg 640w\" sizes=\"auto, (max-width: 300px) 100vw, 300px\" \/><\/a><\/div>\n<div style=\"background-color: #ffffff; border-radius: 5px 5px 5px 5px; padding: 5px 5px 5px 5px;\">Les 1\u00e8res \u00e9bauches des fortifications\u00a0apparaissent au XII\u00e8 si\u00e8cle, sous Baudouin IV qui fit ajouter une Tour au ch\u00e2teau existant. Il am\u00e9nage quelques foss\u00e9s et murailles cr\u00e9nel\u00e9es, et agrandit la ville qui devient capitale du Comt\u00e9 d&rsquo;Ostrevant.<br \/>\nCharles Quint\u00a0d\u00e9veloppe les fortifications en 1535, et fait ceindre la Ville Haute de murailles de courtines avec 4 bastions, d&rsquo;un foss\u00e9 large et profond.<br \/>\nEn 1664 durant la guerre de 30 ans, la Ville basse est entour\u00e9e de murailles en briques par le Gouverneur Drouhot, et les murailles de la Ville Haute sont r\u00e9par\u00e9es.<br \/>\nEn 1676,\u00a0Vauban r\u00e9organise les fortifications apr\u00e8s la prise de Bouchain.<br \/>\nElles furent fr\u00e9quemment\u00a0<strong>r\u00e9par\u00e9es et modifi\u00e9es par le G\u00e9nie, l&rsquo;arm\u00e9e d&rsquo;occupation danoise (1816-1818)<\/strong>\u00a0jusqu&rsquo;au d\u00e9classement des ouvrages de d\u00e9fense en 1889, puis par d\u00e9cret du Pr\u00e9sident de la R\u00e9publique en mai 1893.<br \/>\nLe d\u00e9mant\u00e8lement fut ex\u00e9cut\u00e9 entre 1892 et 1896.<br \/>\nPuis les deux guerres du XX\u00e8me si\u00e8cles, les am\u00e9nagements, le d\u00e9veloppement urbain, virent la disparition d&rsquo;autres vestiges.<\/p>\n<div id=\"cc-m-6307944581\" class=\"j-module n j-header \">\n<p id=\"cc-m-header-6307944581\"><img loading=\"lazy\" decoding=\"async\" class=\"alignnone wp-image-98\" src=\"https:\/\/www.bouchainpatrimoine.com\/wp-content\/uploads\/2026\/04\/fortif-300x184.jpg\" alt=\"\" width=\"409\" height=\"251\" srcset=\"https:\/\/www.bouchainpatrimoine.com\/wp-content\/uploads\/2026\/04\/fortif-300x184.jpg 300w, https:\/\/www.bouchainpatrimoine.com\/wp-content\/uploads\/2026\/04\/fortif-1024x628.jpg 1024w, https:\/\/www.bouchainpatrimoine.com\/wp-content\/uploads\/2026\/04\/fortif-768x471.jpg 768w, https:\/\/www.bouchainpatrimoine.com\/wp-content\/uploads\/2026\/04\/fortif.jpg 1268w\" sizes=\"auto, (max-width: 409px) 100vw, 409px\" \/><\/p>\n<pre>1 \u00e0 4 : les bastions - dans l'ordre \"... des Forges (est)\", \r\n\"... des Poudres (nord)\", \"... des Boulangeries (ouest)\", \r\n\"... de Retraite (sud)\".\r\n7 : la Poudri\u00e8re (la 1\u00e8re, il y en avait une 2nde plus \r\npetite, ville basse).\r\n8 : la Tour d'Ostrevant\r\n9 : caserne Lahure\r\n12 : demi-lune du Sausoir\r\n13 : demi-lune de Douay\r\n14 : demi-lune de Wavrechain\r\n16 : contregarde des Lapins\r\n17 : contregarde de Marquette\r\n18 : contregarde de Mastaing\r\n19 : contregarde de Boucheneul\r\n22-23 : ouvrage \u00e0 cornes de la Sensey.<\/pre>\n<p><strong style=\"font-size: 16px;\">De nos jours, subsistent quelques traces de ces fortifications, t\u00e9moin du r\u00f4le de \u00ab\u00a0place forte\u00a0\u00bb de la ville de Bouchain.<\/strong><\/p>\n<p><strong style=\"font-size: 16px;\">En ville haute<\/strong><span style=\"font-size: 16px;\">\u00a0:\u00a0<\/span><\/p>\n<\/div>\n<div id=\"cc-m-6307944781\" class=\"j-module n j-text \">\n<pre>- la Tour d'Ostrevant (5)\r\n- le bastion des Forges (1) et la courtine\r\n- la Poudri\u00e8re (7)\r\n- la caserne Lahure (9)\r\n- le masque casemat\u00e9 est\r\n- la galerie de contrescarpe et ses contremines\r\n- salles sous la place T.Trimm.<\/pre>\n<p><strong>En ville basse<\/strong>\u00a0:<\/p>\n<pre>- les \u00e9tangs (Grand Large et Petit Large)\r\n- le Fort Noir\r\n- le pont militaire (rue Hubert Gallez)\r\n- l'Arsenal (b\u00e2timent de la salle des f\u00eates actuelle)\r\n- la redoute du Petit Bois\r\n- la caserne Denain (de nos jours la Poste et certaines maisons de part et d'autre)<\/pre>\n<\/div>\n<\/div>\n<\/div>\n","protected":false},"excerpt":{"rendered":"<p>Bouchain fut une ville fortifi\u00e9e, ancienne citadelle (ville haute) fortifi\u00e9e par Charles Quint, puis sous Louis XIV par Vauban. A la fin du XIX\u00e8me si\u00e8cle,&hellip;<\/p>\n","protected":false},"author":1,"featured_media":0,"parent":0,"menu_order":0,"comment_status":"closed","ping_status":"closed","template":"","meta":{"footnotes":""},"class_list":["post-29","page","type-page","status-publish","hentry"],"_links":{"self":[{"href":"https:\/\/www.bouchainpatrimoine.com\/index.php\/wp-json\/wp\/v2\/pages\/29","targetHints":{"allow":["GET"]}}],"collection":[{"href":"https:\/\/www.bouchainpatrimoine.com\/index.php\/wp-json\/wp\/v2\/pages"}],"about":[{"href":"https:\/\/www.bouchainpatrimoine.com\/index.php\/wp-json\/wp\/v2\/types\/page"}],"author":[{"embeddable":true,"href":"https:\/\/www.bouchainpatrimoine.com\/index.php\/wp-json\/wp\/v2\/users\/1"}],"replies":[{"embeddable":true,"href":"https:\/\/www.bouchainpatrimoine.com\/index.php\/wp-json\/wp\/v2\/comments?post=29"}],"version-history":[{"count":14,"href":"https:\/\/www.bouchainpatrimoine.com\/index.php\/wp-json\/wp\/v2\/pages\/29\/revisions"}],"predecessor-version":[{"id":100,"href":"https:\/\/www.bouchainpatrimoine.com\/index.php\/wp-json\/wp\/v2\/pages\/29\/revisions\/100"}],"wp:attachment":[{"href":"https:\/\/www.bouchainpatrimoine.com\/index.php\/wp-json\/wp\/v2\/media?parent=29"}],"curies":[{"name":"wp","href":"https:\/\/api.w.org\/{rel}","templated":true}]}}