{"id":7,"date":"2024-12-18T16:25:29","date_gmt":"2024-12-18T15:25:29","guid":{"rendered":"https:\/\/www.bouchainpatrimoine.com\/?page_id=7"},"modified":"2024-12-18T16:25:29","modified_gmt":"2024-12-18T15:25:29","slug":"bienvenue-dans-lhistoire-de-bouchain","status":"publish","type":"page","link":"https:\/\/www.bouchainpatrimoine.com\/","title":{"rendered":"Bienvenue dans l&rsquo;Histoire de Bouchain"},"content":{"rendered":"\n<p>Bouchain est une ville tr\u00e8s riche historiquement, marqu\u00e9e par tous ces \u00e9v\u00e8nements qui l&rsquo;ont fa\u00e7onn\u00e9e telle que vous la connaissez aujourd&rsquo;hui.<\/p>\n\n\n\n<p>De nombreux \u00ab\u00a0grands personnages \u00a0\u00bb l&rsquo;ont travers\u00e9e, y ont laiss\u00e9 leurs empreintes, ..<\/p>\n\n\n\n<p>Nous avons voulu sur ce site partager avec vous cette histoire, car comme dit notre grand ami historien local Maurice B\u00e9trancourt \u00ab\u00a0l&rsquo;Histoire appartient \u00e0 tous, et notre devoir est de la partager avec chacun\u00a0\u00bb.<\/p>\n\n\n\n<p><\/p>\n","protected":false},"excerpt":{"rendered":"<p>Bouchain est une ville tr\u00e8s riche historiquement, marqu\u00e9e par tous ces \u00e9v\u00e8nements qui l&rsquo;ont fa\u00e7onn\u00e9e telle que vous la connaissez aujourd&rsquo;hui. De nombreux \u00ab\u00a0grands personnages&hellip;<\/p>\n","protected":false},"author":1,"featured_media":0,"parent":0,"menu_order":0,"comment_status":"closed","ping_status":"closed","template":"","meta":{"footnotes":""},"class_list":["post-7","page","type-page","status-publish","hentry"],"_links":{"self":[{"href":"https:\/\/www.bouchainpatrimoine.com\/index.php\/wp-json\/wp\/v2\/pages\/7","targetHints":{"allow":["GET"]}}],"collection":[{"href":"https:\/\/www.bouchainpatrimoine.com\/index.php\/wp-json\/wp\/v2\/pages"}],"about":[{"href":"https:\/\/www.bouchainpatrimoine.com\/index.php\/wp-json\/wp\/v2\/types\/page"}],"author":[{"embeddable":true,"href":"https:\/\/www.bouchainpatrimoine.com\/index.php\/wp-json\/wp\/v2\/users\/1"}],"replies":[{"embeddable":true,"href":"https:\/\/www.bouchainpatrimoine.com\/index.php\/wp-json\/wp\/v2\/comments?post=7"}],"version-history":[{"count":1,"href":"https:\/\/www.bouchainpatrimoine.com\/index.php\/wp-json\/wp\/v2\/pages\/7\/revisions"}],"predecessor-version":[{"id":8,"href":"https:\/\/www.bouchainpatrimoine.com\/index.php\/wp-json\/wp\/v2\/pages\/7\/revisions\/8"}],"wp:attachment":[{"href":"https:\/\/www.bouchainpatrimoine.com\/index.php\/wp-json\/wp\/v2\/media?parent=7"}],"curies":[{"name":"wp","href":"https:\/\/api.w.org\/{rel}","templated":true}]}}